{"id":32602,"date":"2022-02-27T18:29:09","date_gmt":"2022-02-27T18:29:09","guid":{"rendered":"https:\/\/www.tillnau.de\/?page_id=32602"},"modified":"2025-11-19T18:52:30","modified_gmt":"2025-11-19T18:52:30","slug":"about-2","status":"publish","type":"page","link":"https:\/\/www.tillnau.de\/en\/about-2\/","title":{"rendered":"About"},"content":{"rendered":"\r\n<p><strong>Coming up in 2025<\/strong><strong> \u00a0 \u00a0 \u00a0 \u00a0 \u00a0 \u00a0 \u00a0 \u00a0 \u00a0 \u00a0 \u00a0 \u00a0 \u00a0 \u00a0 \u00a0 \u00a0 \u00a0 \u00a0 \u00a0 \u00a0 \u00a0 \u00a0 \u00a0 \u00a0 \u00a0 \u00a0 \u00a0 \u00a0 \u00a0 \u00a0 \u00a0 \u00a0 \u00a0 \u00a0 \u00a0 \u00a0 \u00a0<br \/><\/strong><\/p>\r\n<p><strong>Catch me if you can\u00a0<\/strong>(Regie &amp; Choreographie) <strong>Theater Bremerhaven<\/strong><\/p>\r\n<p><strong>Chess <\/strong>(Choreographie) Regie: Andreas Gergen <strong>Theater Baden<\/strong><\/p>\r\n<p><strong>Coming up in 2026<\/strong><\/p>\r\n<p><strong>Ball im Savoy<\/strong> (Choreographie) Regie: Edison Vigil<\/p>\r\n<p><strong>Der kleine Horrorladen <\/strong>(Choreographie) <strong>Landesb\u00fchnen Sachsen<\/strong><\/p>\r\n<p><strong>West Side Story\u00a0<\/strong>(Regie &amp; Choreorgraphie)\u00a0<strong>Opernfestspiele am Saarpolygon<\/strong><\/p>\r\n<p><strong>Titanic <\/strong>(Regie &amp; Choreorgraphie)<\/p>\r\n<p>&nbsp;<\/p>\r\n<p><strong>Vertreten durch \u00a0MICHAEL STARRINGER \u00a0<a href=\"https:\/\/www.diabelli.com\/team\/\" rel=\"\">https:\/\/www.diabelli.com<\/a><\/strong><\/p>\r\n<p>ABOUT\u00a0<\/p>\r\n<p><strong class=\"\">Inszenierungen mit Herz, Anspruch, purer Freude, Authentizit\u00e4t, detailverliebt, geschickt inszeniert<\/strong>\u00a0oder mit\u00a0<strong class=\"\">psychologischem Fingerspitzengef\u00fchl in Szene gesetzt.<\/strong>\u00a0<strong class=\"\">Die Choreographien rasant, pfiffig, ausgefeilt, wirkungs- und effektvoll oder lebendig,<\/strong>\u00a0so umschreibt die Presse stets die Arbeit von\u00a0<strong class=\"\">Till Nau.<\/strong><\/p>\r\n<p><img decoding=\"async\" class=\"wp-image-32797 alignleft lazyload\" data-src=\"https:\/\/www.tillnau.de\/wp-content\/uploads\/2022\/06\/C__2548-scaled.jpg\" alt=\"\" width=\"208\" height=\"312\" src=\"data:image\/svg+xml;base64,PHN2ZyB3aWR0aD0iMSIgaGVpZ2h0PSIxIiB4bWxucz0iaHR0cDovL3d3dy53My5vcmcvMjAwMC9zdmciPjwvc3ZnPg==\" style=\"--smush-placeholder-width: 208px; --smush-placeholder-aspect-ratio: 208\/312;\" \/><\/p>\r\n<p>&nbsp;<\/p>\r\n<p>Zu seinen bisherigen Regiearbeiten geh\u00f6ren\u00a0<strong class=\"\">I do I do das Musikalische Himmelbett( Landesb\u00fchnen Wilhelmshaven), Massachusetts das Bee Gees Musical (Tournee), Whitney \u2013 One Moment In Time (Tournee),\u00a0<\/strong>die Urauff\u00fchrung von William Dannes <strong>Die K\u00f6nigin Von Deutschland (Kom\u00f6die Bremen, Kassel und Bielefeld) <\/strong>so wie<strong> Alter Schwede (Com\u00f6die Dresden). \u00a0<\/strong>2024 war Till Nau verantwortlich f\u00fcr die erste freie deutschsprachige Inszenierung von\u00a0<strong>A Chorus Line (First Stage\u00a0<\/strong><b>Hamburg).\u00a0<\/b>Neben der Regie \u00fcbernahm er auch die Choreographie. In der Spielzeit 2021\/2022 war Nau als Co-Regisseur\/ Spielleiter und Choreograf f\u00fcr das Musical <strong>Chess<\/strong><em>\u00a0<\/em>am Stadttheater Bremerhaven verantwortlich und kehrte in der Saison 2024\/2025 als Regisseur und Choreograph f\u00fcr <strong>Catch Me If You Can<\/strong><em>\u00a0<\/em>zur\u00fcck. Im Sommer 2026 wird Till Nau das Musical\u00a0<strong>West Side Story\u00a0<\/strong>im Rahmen der <strong>Opernfestspiele am Saarpolygon<\/strong>\u00a0inszenieren und\u00a0choreographieren.\u00a0<\/p>\r\n<p>&nbsp;<\/p>\r\n<p>&nbsp;<\/p>\r\n<p style=\"text-align: left;\">\u00a0<\/p>\r\n<div id=\"attachment_32909\" style=\"width: 477px\" class=\"wp-caption alignright\"><img decoding=\"async\" aria-describedby=\"caption-attachment-32909\" class=\"wp-image-32909 lazyload\" data-src=\"https:\/\/www.tillnau.de\/wp-content\/uploads\/2024\/07\/stage_2024_chorusline_durchlauf-84-scaled.jpg\" alt=\"\" width=\"467\" height=\"311\" src=\"data:image\/svg+xml;base64,PHN2ZyB3aWR0aD0iMSIgaGVpZ2h0PSIxIiB4bWxucz0iaHR0cDovL3d3dy53My5vcmcvMjAwMC9zdmciPjwvc3ZnPg==\" style=\"--smush-placeholder-width: 467px; --smush-placeholder-aspect-ratio: 467\/311;\" \/><p id=\"caption-attachment-32909\" class=\"wp-caption-text\">Foto: Dennis Mudowski<\/p><\/div>\r\n<p style=\"text-align: left;\"><strong class=\"\">\u00a0<\/strong><\/p>\r\n<p style=\"text-align: left;\">Zu seinen Arbeiten als Choreograph geh\u00f6ren u.a. die St\u00fccke\u00a0<strong class=\"\">Fame (Burg Heidenheim), Trouble In Tahiti( Forum Hamburg),\u00a0Aida das Musical und Ritter Rost (Ettlingen) Im weissen R\u00f6ssl (Grenszlandtheater, Kom\u00f6die Stuttgart), Blues Brothers, My Fair Lady, Toll trieben es die alten R\u00f6mer und Der Kleine Horrorladen (Landesb\u00fchnen Wilhelmshaven), Der Zauberer von Oz, Flashdance (Bad Vilbel)<\/strong>,\u00a0<strong class=\"\">Ludwig 2 das Musical (Festspielhaus F\u00fcssen), Don Camillo &amp; Peppone (Tecklenburg), CHESS und TITANIC (Staatstheater Schwerin, Theater Bremerhaven), Levay &amp;Friends in Concert (Shanghai), Stephen Sondheims COMPANY, Annie Get Your Gun, Der Vetter aus Dingsda,<\/strong><strong class=\"\">\u00a0Hair und \u00a0Kiss Me Kate (Landesb\u00fchnen Sachsen), Gr\u00e4fin Mariza (Staatstheater Karlsruhe), Jekyll &amp;Hyde (Zeltpalast Merzig, Deutsches Theater M\u00fcnchen), Spamalot (Oper Halle), Lazarus (B\u00fchnen Halle), Sister Act, Miami Nights ( Freilichtspiele Tecklenburg), My Fair Lady (Aalto Theater Essen), A Chorus Line (First Stage Hamburg), Cabaret und die Fledermaus (Landesb\u00fchnen Sachsen). <\/strong>F\u00fcr die Produktionen<strong class=\"\"> Annie Get Your Gun, Kiss Me Kate, Hair, Cabaret, die Fledermaus, Spamalot und Lazarus <\/strong>war Till Nau neben der Choreographie auch f\u00fcr das komplette Lichtdesign zust\u00e4ndig.\u00a0<\/p>\r\n<p>&nbsp;<\/p>\r\n<p>&nbsp;<\/p>\r\n<p>&nbsp;<\/p>\r\n<div id=\"attachment_32965\" style=\"width: 459px\" class=\"wp-caption alignright\"><img decoding=\"async\" aria-describedby=\"caption-attachment-32965\" class=\"wp-image-32965 lazyload\" data-src=\"https:\/\/www.tillnau.de\/wp-content\/uploads\/2024\/07\/cabaret_fotorobertjentzsch-25-4412-1-scaled.jpg\" alt=\"\" width=\"449\" height=\"299\" src=\"data:image\/svg+xml;base64,PHN2ZyB3aWR0aD0iMSIgaGVpZ2h0PSIxIiB4bWxucz0iaHR0cDovL3d3dy53My5vcmcvMjAwMC9zdmciPjwvc3ZnPg==\" style=\"--smush-placeholder-width: 449px; --smush-placeholder-aspect-ratio: 449\/299;\" \/><p id=\"caption-attachment-32965\" class=\"wp-caption-text\">Foto: Robertr Jentzsch | www.rjphoto.de<\/p><\/div>\r\n<p>Der geb\u00fcrtige Recklingh\u00e4user lies sich am\u00a0<strong class=\"\">American Dance Center \/Schule f\u00fcr B\u00fchnentanz<\/strong>\u00a0unter der Leitung von\u00a0<strong class=\"\">Robin Lynn<\/strong>\u00a0und an der\u00a0<strong class=\"\">Stage School of Music Dance and Drama<\/strong>\u00a0ausbilden. Schon mit 13 Jahren stand Till Nau neben TV Star\u00a0<strong>Uwe Friedrichsen<\/strong>, unter der Regie von\u00a0<strong>Hans G\u00fcnther Heyme<\/strong>, bei den\u00a0<strong>Ruhrfestpielen Recklinghausen<\/strong>\u00a0in\u00a0<strong>Der Frieden\u00a0<\/strong>auf der B\u00fchne. Vor seiner T\u00e4tigkeit als Regisseur und Choreograph stand er in zahlreichen Produktionen auf der B\u00fchne. U.a. war er in\u00a0<strong class=\"\">West Side Story, Der Frieden, Im wei\u00dfen R\u00f6\u00dfl, Ladies Night, Crazy for You,Victor &amp; Victoria, Roxy und ihr Wunderteam, La Cage aux Folles, Anything Goes, Evita, als Pepper in Mamma Mia (Premiere Stuttgart), Alperose und Marilyn das Musical<\/strong>\u00a0in Deutschland und der Schweiz zu sehen.<\/p>\r\n<p>&nbsp;<\/p>\r\n\r\n\r\n\r\n<div id=\"attachment_32658\" style=\"width: 277px\" class=\"wp-caption alignleft\"><img decoding=\"async\" aria-describedby=\"caption-attachment-32658\" class=\"wp-image-32658 lazyload\" data-src=\"https:\/\/www.tillnau.de\/wp-content\/uploads\/2022\/03\/C2621249-05DB-4775-A5B0-86C8FB2D9FE5.jpeg\" alt=\"\" width=\"267\" height=\"356\" src=\"data:image\/svg+xml;base64,PHN2ZyB3aWR0aD0iMSIgaGVpZ2h0PSIxIiB4bWxucz0iaHR0cDovL3d3dy53My5vcmcvMjAwMC9zdmciPjwvc3ZnPg==\" style=\"--smush-placeholder-width: 267px; --smush-placeholder-aspect-ratio: 267\/356;\" \/><p id=\"caption-attachment-32658\" class=\"wp-caption-text\">Foto: Felix Gr\u00fcnschlo\u00df<\/p><\/div>\r\n<p style=\"text-align: left;\">Ebenfalls war er als\u00a0<strong class=\"\">Dance Captain<\/strong>\u00a0f\u00fcr die Schiffe von\u00a0<strong class=\"\">AIDA\u00a0Cruises<\/strong>\u00a0und\u00a0<strong class=\"\">Phoenix Reisen<\/strong>\u00a0t\u00e4tig. Till Nau spielte an renommierten B\u00fchnen wie dem\u00a0<strong class=\"\">Nationaltheater Mannheim, Freilichtspiele Tecklenburg, Theater Dortmund, Thuner Seefestspiele, Ruhrfestspielhaus Recklinghausen, Schauspielhaus Hamburg, Schauspielb\u00fchnen Stuttgart<\/strong>\u00a0und dem\u00a0<strong class=\"\">Grenzlandtheater Aachen.\u00a0<\/strong><\/p>\r\n<p style=\"text-align: left;\">Neben seiner T\u00e4tigkeit als Regisseur und Choreograph ist Till Nau ein gefragter Dozent an Deutschlands Musicalschulen und unterrichtete u.a. an der\u00a0<strong>Hochschule in Osnabr\u00fcck, GMA, \u00a0Stage School Hamburg, Stage Up\u00a0<\/strong>und<strong>\u00a0Stage Perform Hannover\u00a0<\/strong>und gibt regelm\u00e4\u00dfig Workshops f\u00fcr Profis, Kinder und auch Amateure. \u00a0Zuletzt unterrichtete er mehrmals<strong>\u00a0Masterclasses in Panama City<\/strong>.<\/p>\r\n<p>&nbsp;<\/p>\r\n<p>&nbsp;<\/p>\r\n<p>&nbsp;<\/p>\r\n\r\n\r\n\r\n<p>&nbsp;<\/p>\r\n\r\n<p>&nbsp;<\/p>\r\n<p>&nbsp;<\/p>","protected":false},"excerpt":{"rendered":"<p>Coming up in 2025 \u00a0 \u00a0 \u00a0 \u00a0 \u00a0 \u00a0 \u00a0 \u00a0 \u00a0 \u00a0 \u00a0 \u00a0 \u00a0 \u00a0 \u00a0 \u00a0 \u00a0 \u00a0 \u00a0 \u00a0 \u00a0 \u00a0 \u00a0 \u00a0 \u00a0 \u00a0 \u00a0 \u00a0 \u00a0 \u00a0 \u00a0 \u00a0 \u00a0 \u00a0 \u00a0 \u00a0 \u00a0 Catch me if you can\u00a0(Regie &amp; Choreographie) Theater Bremerhaven Chess (Choreographie) Regie: Andreas Gergen [&hellip;]<\/p>\n","protected":false},"author":2,"featured_media":0,"parent":0,"menu_order":0,"comment_status":"closed","ping_status":"closed","template":"","meta":{"_et_pb_use_builder":"off","_et_pb_old_content":"","_et_gb_content_width":"","footnotes":""},"class_list":["post-32602","page","type-page","status-publish","hentry"],"_links":{"self":[{"href":"https:\/\/www.tillnau.de\/en\/wp-json\/wp\/v2\/pages\/32602","targetHints":{"allow":["GET"]}}],"collection":[{"href":"https:\/\/www.tillnau.de\/en\/wp-json\/wp\/v2\/pages"}],"about":[{"href":"https:\/\/www.tillnau.de\/en\/wp-json\/wp\/v2\/types\/page"}],"author":[{"embeddable":true,"href":"https:\/\/www.tillnau.de\/en\/wp-json\/wp\/v2\/users\/2"}],"replies":[{"embeddable":true,"href":"https:\/\/www.tillnau.de\/en\/wp-json\/wp\/v2\/comments?post=32602"}],"version-history":[{"count":0,"href":"https:\/\/www.tillnau.de\/en\/wp-json\/wp\/v2\/pages\/32602\/revisions"}],"wp:attachment":[{"href":"https:\/\/www.tillnau.de\/en\/wp-json\/wp\/v2\/media?parent=32602"}],"curies":[{"name":"wp","href":"https:\/\/api.w.org\/{rel}","templated":true}]}}