{"id":31254,"date":"2019-03-19T20:15:42","date_gmt":"2019-03-19T20:15:42","guid":{"rendered":"https:\/\/www.tillnau.de\/?page_id=31254"},"modified":"2019-09-17T20:27:29","modified_gmt":"2019-09-17T20:27:29","slug":"hair-das-musical","status":"publish","type":"page","link":"https:\/\/www.tillnau.de\/en\/hair-das-musical\/","title":{"rendered":"Hair Das Musical"},"content":{"rendered":"\n<figure class=\"wp-block-image\"><img decoding=\"async\" width=\"215\" height=\"210\" data-src=\"https:\/\/www.tillnau.de\/wp-content\/uploads\/2019\/09\/csm_hair_thumbnail_e317.jpg\" alt=\"\" class=\"wp-image-31259 lazyload\" src=\"data:image\/svg+xml;base64,PHN2ZyB3aWR0aD0iMSIgaGVpZ2h0PSIxIiB4bWxucz0iaHR0cDovL3d3dy53My5vcmcvMjAwMC9zdmciPjwvc3ZnPg==\" style=\"--smush-placeholder-width: 215px; --smush-placeholder-aspect-ratio: 215\/210;\" \/><\/figure>\n\n\n\n<p>Heute beginnen f\u00fcr Till Nau die choreographischen Proben f\u00fcr das Rock- Musical&nbsp;<strong>Hair<\/strong>&nbsp;and den&nbsp;<strong>Landesb\u00fchnen Sachsen<\/strong>&nbsp;in Radebeul. Hair ist bereits Till Naus 3.Produktion an den Landesb\u00fchnen. Dieses mal f\u00fchrt<strong>&nbsp;Peter Dehler<\/strong>&nbsp;die Regie. Zur Besetzung geh\u00f6ren u.a.&nbsp;<strong>Benjamin Oeser, Christin Rettig<\/strong>, das Schauspiel Ensemble der Landesb\u00fchnen und die Studenten der Theater Akademie Sachsen. Till Nau wird bei dieser Produktion auch f\u00fcr das&nbsp;<strong>Lichtdesign<\/strong>&nbsp;verantwortlich sein.Premiere am 04. Mai 2019<\/p>\n","protected":false},"excerpt":{"rendered":"<p>Heute beginnen f\u00fcr Till Nau die choreographischen Proben f\u00fcr das Rock- Musical&nbsp;Hair&nbsp;and den&nbsp;Landesb\u00fchnen Sachsen&nbsp;in Radebeul. Hair ist bereits Till Naus 3.Produktion an den Landesb\u00fchnen. Dieses mal f\u00fchrt&nbsp;Peter Dehler&nbsp;die Regie. Zur Besetzung geh\u00f6ren u.a.&nbsp;Benjamin Oeser, Christin Rettig, das Schauspiel Ensemble der Landesb\u00fchnen und die Studenten der Theater Akademie Sachsen. Till Nau wird bei dieser Produktion auch [&hellip;]<\/p>\n","protected":false},"author":2,"featured_media":31265,"parent":0,"menu_order":0,"comment_status":"closed","ping_status":"closed","template":"","meta":{"_et_pb_use_builder":"off","_et_pb_old_content":"","_et_gb_content_width":"","footnotes":""},"class_list":["post-31254","page","type-page","status-publish","has-post-thumbnail","hentry"],"_links":{"self":[{"href":"https:\/\/www.tillnau.de\/en\/wp-json\/wp\/v2\/pages\/31254","targetHints":{"allow":["GET"]}}],"collection":[{"href":"https:\/\/www.tillnau.de\/en\/wp-json\/wp\/v2\/pages"}],"about":[{"href":"https:\/\/www.tillnau.de\/en\/wp-json\/wp\/v2\/types\/page"}],"author":[{"embeddable":true,"href":"https:\/\/www.tillnau.de\/en\/wp-json\/wp\/v2\/users\/2"}],"replies":[{"embeddable":true,"href":"https:\/\/www.tillnau.de\/en\/wp-json\/wp\/v2\/comments?post=31254"}],"version-history":[{"count":0,"href":"https:\/\/www.tillnau.de\/en\/wp-json\/wp\/v2\/pages\/31254\/revisions"}],"wp:featuredmedia":[{"embeddable":true,"href":"https:\/\/www.tillnau.de\/en\/wp-json\/wp\/v2\/media\/31265"}],"wp:attachment":[{"href":"https:\/\/www.tillnau.de\/en\/wp-json\/wp\/v2\/media?parent=31254"}],"curies":[{"name":"wp","href":"https:\/\/api.w.org\/{rel}","templated":true}]}}